{"id":820,"date":"2020-08-11T14:10:42","date_gmt":"2020-08-11T14:10:42","guid":{"rendered":"http:\/\/www.sofalca.pt\/?post_type=product&#038;p=820"},"modified":"2022-03-29T14:49:57","modified_gmt":"2022-03-29T14:49:57","slug":"filling-of-air-gap-on-flooring","status":"publish","type":"product","link":"https:\/\/www.sofalca.pt\/pt\/insulation\/regranulated\/filling-of-air-gap-on-flooring\/","title":{"rendered":"Enchimento da caixa de ar"},"content":{"rendered":"","protected":false},"excerpt":{"rendered":"<div dir=\"auto\">Uma das caracter\u00edsticas que tornam o aglomerado negro de corti\u00e7a expandida num produto ecol\u00f3gico \u00e9 a sua capacidade de ser reciclado.<\/div>\n<div dir=\"auto\"><\/div>\n<div dir=\"auto\">O resultado dessa reciclagem \u00e9 o regranulado de corti\u00e7a expandida, que \u00e9 obtido a partir da tritura\u00e7\u00e3o do aglomerado. O regranulado pode ser utilizado na cria\u00e7\u00e3o de bet\u00e3o leve ou para a utiliza\u00e7\u00e3o nas caixas de ar em soalhos.<\/div>","protected":false},"featured_media":1058,"template":"","meta":[],"product_cat":[103],"product_tag":[],"_links":{"self":[{"href":"https:\/\/www.sofalca.pt\/pt\/wp-json\/wp\/v2\/product\/820"}],"collection":[{"href":"https:\/\/www.sofalca.pt\/pt\/wp-json\/wp\/v2\/product"}],"about":[{"href":"https:\/\/www.sofalca.pt\/pt\/wp-json\/wp\/v2\/types\/product"}],"wp:featuredmedia":[{"embeddable":true,"href":"https:\/\/www.sofalca.pt\/pt\/wp-json\/wp\/v2\/media\/1058"}],"wp:attachment":[{"href":"https:\/\/www.sofalca.pt\/pt\/wp-json\/wp\/v2\/media?parent=820"}],"wp:term":[{"taxonomy":"product_cat","embeddable":true,"href":"https:\/\/www.sofalca.pt\/pt\/wp-json\/wp\/v2\/product_cat?post=820"},{"taxonomy":"product_tag","embeddable":true,"href":"https:\/\/www.sofalca.pt\/pt\/wp-json\/wp\/v2\/product_tag?post=820"}],"curies":[{"name":"wp","href":"https:\/\/api.w.org\/{rel}","templated":true}]}}