{"id":819,"date":"2020-08-11T14:09:10","date_gmt":"2020-08-11T14:09:10","guid":{"rendered":"http:\/\/www.sofalca.pt\/?post_type=product&#038;p=819"},"modified":"2022-03-29T14:50:18","modified_gmt":"2022-03-29T14:50:18","slug":"direct-incorporation-into-concrete-light-concrete","status":"publish","type":"product","link":"https:\/\/www.sofalca.pt\/pt\/insulation\/regranulated\/direct-incorporation-into-concrete-light-concrete\/","title":{"rendered":"Incorpora\u00e7\u00e3o no bet\u00e3o"},"content":{"rendered":"","protected":false},"excerpt":{"rendered":"<div dir=\"auto\">Uma das caracter\u00edsticas que tornam o aglomerado negro de corti\u00e7a expandida num produto ecol\u00f3gico \u00e9 a sua capacidade de ser reciclado.<\/div>\n<div dir=\"auto\"><\/div>\n<div dir=\"auto\">O resultado dessa reciclagem \u00e9 o regranulado de corti\u00e7a expandida, que \u00e9 obtido a partir da tritura\u00e7\u00e3o do aglomerado. O regranulado pode ser utilizado na cria\u00e7\u00e3o de bet\u00e3o leve ou para a utiliza\u00e7\u00e3o nas caixas de ar em soalhos.<\/div>","protected":false},"featured_media":1054,"template":"","meta":[],"product_cat":[103],"product_tag":[],"_links":{"self":[{"href":"https:\/\/www.sofalca.pt\/pt\/wp-json\/wp\/v2\/product\/819"}],"collection":[{"href":"https:\/\/www.sofalca.pt\/pt\/wp-json\/wp\/v2\/product"}],"about":[{"href":"https:\/\/www.sofalca.pt\/pt\/wp-json\/wp\/v2\/types\/product"}],"wp:featuredmedia":[{"embeddable":true,"href":"https:\/\/www.sofalca.pt\/pt\/wp-json\/wp\/v2\/media\/1054"}],"wp:attachment":[{"href":"https:\/\/www.sofalca.pt\/pt\/wp-json\/wp\/v2\/media?parent=819"}],"wp:term":[{"taxonomy":"product_cat","embeddable":true,"href":"https:\/\/www.sofalca.pt\/pt\/wp-json\/wp\/v2\/product_cat?post=819"},{"taxonomy":"product_tag","embeddable":true,"href":"https:\/\/www.sofalca.pt\/pt\/wp-json\/wp\/v2\/product_tag?post=819"}],"curies":[{"name":"wp","href":"https:\/\/api.w.org\/{rel}","templated":true}]}}