{"id":816,"date":"2020-08-11T13:59:22","date_gmt":"2020-08-11T13:59:22","guid":{"rendered":"http:\/\/www.sofalca.pt\/?post_type=product&#038;p=816"},"modified":"2022-03-29T14:51:31","modified_gmt":"2022-03-29T14:51:31","slug":"inner-wall-insulation-plasterboard","status":"publish","type":"product","link":"https:\/\/www.sofalca.pt\/pt\/insulation\/wall-insulation\/inner-wall-insulation-plasterboard\/","title":{"rendered":"Isolamento de paredes interiores em alvenaria"},"content":{"rendered":"","protected":false},"excerpt":{"rendered":"<div dir=\"auto\">\n<div dir=\"auto\">\n<div dir=\"auto\">A aplica\u00e7\u00e3o do Aglomerado de corti\u00e7a expandida, no isolamento de paredes duplas (caixa de ar), isolamento de paredes interiores em alvenaria e em paredes de gesso cartonado, proporciona um excelente isolamento t\u00e9rmico, por um longo per\u00edodo de tempo, acrescido de um adequado conforto ac\u00fastico.<\/div>\n<div dir=\"auto\"><\/div>\n<div dir=\"auto\">Double walls with an air gap tend to create serious problems with dampness which is why it is of paramount importance to create a groove at the bottom of the air gap, on the slab, with an outlet to the exterior, thereby creating ventilation of the air gap which, along with the barrier caused by the expanded cork board, eliminates any dampness problems.<\/div>\n<\/div>\n<\/div>","protected":false},"featured_media":1069,"template":"","meta":[],"product_cat":[101],"product_tag":[],"_links":{"self":[{"href":"https:\/\/www.sofalca.pt\/pt\/wp-json\/wp\/v2\/product\/816"}],"collection":[{"href":"https:\/\/www.sofalca.pt\/pt\/wp-json\/wp\/v2\/product"}],"about":[{"href":"https:\/\/www.sofalca.pt\/pt\/wp-json\/wp\/v2\/types\/product"}],"wp:featuredmedia":[{"embeddable":true,"href":"https:\/\/www.sofalca.pt\/pt\/wp-json\/wp\/v2\/media\/1069"}],"wp:attachment":[{"href":"https:\/\/www.sofalca.pt\/pt\/wp-json\/wp\/v2\/media?parent=816"}],"wp:term":[{"taxonomy":"product_cat","embeddable":true,"href":"https:\/\/www.sofalca.pt\/pt\/wp-json\/wp\/v2\/product_cat?post=816"},{"taxonomy":"product_tag","embeddable":true,"href":"https:\/\/www.sofalca.pt\/pt\/wp-json\/wp\/v2\/product_tag?post=816"}],"curies":[{"name":"wp","href":"https:\/\/api.w.org\/{rel}","templated":true}]}}