{"id":814,"date":"2020-08-11T13:55:11","date_gmt":"2020-08-11T13:55:11","guid":{"rendered":"http:\/\/www.sofalca.pt\/?post_type=product&#038;p=814"},"modified":"2022-03-29T14:52:16","modified_gmt":"2022-03-29T14:52:16","slug":"polysterm-solution","status":"publish","type":"product","link":"https:\/\/www.sofalca.pt\/pt\/insulation\/facade\/polysterm-solution\/","title":{"rendered":"Solu\u00e7\u00e3o Polysterm"},"content":{"rendered":"","protected":false},"excerpt":{"rendered":"<div dir=\"auto\">\n<div dir=\"auto\">Associado a outros componentes, tais como massa adesiva, arma\u00e7\u00e3o e reboco, proporciona um f\u00e1cil e moderno acabamento, mais econ\u00f3mico e que pode ser utilizado em constru\u00e7\u00f5es antigas e recentes.<\/div>\n<div dir=\"auto\">Este sistema de isolamento e revestimento de fachadas caracteriza-se por: economia de energia, redu\u00e7\u00e3o de pontes t\u00e9rmicas, aumento da in\u00e9rcia t\u00e9rmica, diminui\u00e7\u00e3o da espessura das paredes, melhoria da impermeabilidade das paredes, diminui\u00e7\u00e3o do risco de condensa\u00e7\u00e3o, aumento da durabilidade das fachadas e reabilita\u00e7\u00e3o de fachadas sem perturba\u00e7\u00e3o dos seus ocupantes.<\/div>\n<\/div>","protected":false},"featured_media":1070,"template":"","meta":[],"product_cat":[100],"product_tag":[],"_links":{"self":[{"href":"https:\/\/www.sofalca.pt\/pt\/wp-json\/wp\/v2\/product\/814"}],"collection":[{"href":"https:\/\/www.sofalca.pt\/pt\/wp-json\/wp\/v2\/product"}],"about":[{"href":"https:\/\/www.sofalca.pt\/pt\/wp-json\/wp\/v2\/types\/product"}],"wp:featuredmedia":[{"embeddable":true,"href":"https:\/\/www.sofalca.pt\/pt\/wp-json\/wp\/v2\/media\/1070"}],"wp:attachment":[{"href":"https:\/\/www.sofalca.pt\/pt\/wp-json\/wp\/v2\/media?parent=814"}],"wp:term":[{"taxonomy":"product_cat","embeddable":true,"href":"https:\/\/www.sofalca.pt\/pt\/wp-json\/wp\/v2\/product_cat?post=814"},{"taxonomy":"product_tag","embeddable":true,"href":"https:\/\/www.sofalca.pt\/pt\/wp-json\/wp\/v2\/product_tag?post=814"}],"curies":[{"name":"wp","href":"https:\/\/api.w.org\/{rel}","templated":true}]}}