{"id":810,"date":"2020-08-11T13:47:09","date_gmt":"2020-08-11T13:47:09","guid":{"rendered":"http:\/\/www.sofalca.pt\/?post_type=product&#038;p=810"},"modified":"2022-03-29T14:53:29","modified_gmt":"2022-03-29T14:53:29","slug":"roofs-with-limited-accessibility","status":"publish","type":"product","link":"https:\/\/www.sofalca.pt\/pt\/insulation\/flat-roof\/roofs-with-limited-accessibility\/","title":{"rendered":"Coberturas de acessibilidade limitada"},"content":{"rendered":"","protected":false},"excerpt":{"rendered":"<div dir=\"auto\">Na cobertura tradicional o isolamento serve de suporte \u00e0 impermeabiliza\u00e7\u00e3o, existindo a necessidade de colocar uma barreira ao vapor sob o isolante, devido \u00e0 permeabilidade desta solu\u00e7\u00e3o ao vapor de \u00e1gua. A camada de protec\u00e7\u00e3o (leve ou pesada) depende da acessibilidade \u00e0 cobertura.<\/div>\n<div dir=\"auto\"><\/div>\n<div dir=\"auto\">Os aglomerados de corti\u00e7a expandida s\u00e3o praticamente inertes e totalmente compat\u00edveis com a generalidade dos materiais utilizados no dom\u00ednio da constru\u00e7\u00e3o civil, aceitando desta forma a aplica\u00e7\u00e3o do sistema impermeabilizante, evitando a realiza\u00e7\u00e3o de betonilhas.<\/div>","protected":false},"featured_media":1046,"template":"","meta":[],"product_cat":[98],"product_tag":[],"_links":{"self":[{"href":"https:\/\/www.sofalca.pt\/pt\/wp-json\/wp\/v2\/product\/810"}],"collection":[{"href":"https:\/\/www.sofalca.pt\/pt\/wp-json\/wp\/v2\/product"}],"about":[{"href":"https:\/\/www.sofalca.pt\/pt\/wp-json\/wp\/v2\/types\/product"}],"wp:featuredmedia":[{"embeddable":true,"href":"https:\/\/www.sofalca.pt\/pt\/wp-json\/wp\/v2\/media\/1046"}],"wp:attachment":[{"href":"https:\/\/www.sofalca.pt\/pt\/wp-json\/wp\/v2\/media?parent=810"}],"wp:term":[{"taxonomy":"product_cat","embeddable":true,"href":"https:\/\/www.sofalca.pt\/pt\/wp-json\/wp\/v2\/product_cat?post=810"},{"taxonomy":"product_tag","embeddable":true,"href":"https:\/\/www.sofalca.pt\/pt\/wp-json\/wp\/v2\/product_tag?post=810"}],"curies":[{"name":"wp","href":"https:\/\/api.w.org\/{rel}","templated":true}]}}