{"id":809,"date":"2020-08-11T13:46:16","date_gmt":"2020-08-11T13:46:16","guid":{"rendered":"http:\/\/www.sofalca.pt\/?post_type=product&#038;p=809"},"modified":"2022-03-29T14:53:50","modified_gmt":"2022-03-29T14:53:50","slug":"reflectivity-solution","status":"publish","type":"product","link":"https:\/\/www.sofalca.pt\/pt\/insulation\/flat-roof\/reflectivity-solution\/","title":{"rendered":"Solu\u00e7\u00e3o de refletividade"},"content":{"rendered":"","protected":false},"excerpt":{"rendered":"<div dir=\"auto\">Na cobertura tradicional o isolamento serve de suporte \u00e0 impermeabiliza\u00e7\u00e3o, existindo a necessidade de colocar uma barreira ao vapor sob o isolante, devido \u00e0 permeabilidade desta solu\u00e7\u00e3o ao vapor de \u00e1gua. A camada de protec\u00e7\u00e3o (leve ou pesada) depende da acessibilidade \u00e0 cobertura.<\/div>\n<div dir=\"auto\"><\/div>\n<div dir=\"auto\">Os aglomerados de corti\u00e7a expandida s\u00e3o praticamente inertes e totalmente compat\u00edveis com a generalidade dos materiais utilizados no dom\u00ednio da constru\u00e7\u00e3o civil, aceitando desta forma a aplica\u00e7\u00e3o do sistema impermeabilizante, evitando a realiza\u00e7\u00e3o de betonilhas.<\/div>","protected":false},"featured_media":1045,"template":"","meta":[],"product_cat":[98],"product_tag":[],"_links":{"self":[{"href":"https:\/\/www.sofalca.pt\/pt\/wp-json\/wp\/v2\/product\/809"}],"collection":[{"href":"https:\/\/www.sofalca.pt\/pt\/wp-json\/wp\/v2\/product"}],"about":[{"href":"https:\/\/www.sofalca.pt\/pt\/wp-json\/wp\/v2\/types\/product"}],"wp:featuredmedia":[{"embeddable":true,"href":"https:\/\/www.sofalca.pt\/pt\/wp-json\/wp\/v2\/media\/1045"}],"wp:attachment":[{"href":"https:\/\/www.sofalca.pt\/pt\/wp-json\/wp\/v2\/media?parent=809"}],"wp:term":[{"taxonomy":"product_cat","embeddable":true,"href":"https:\/\/www.sofalca.pt\/pt\/wp-json\/wp\/v2\/product_cat?post=809"},{"taxonomy":"product_tag","embeddable":true,"href":"https:\/\/www.sofalca.pt\/pt\/wp-json\/wp\/v2\/product_tag?post=809"}],"curies":[{"name":"wp","href":"https:\/\/api.w.org\/{rel}","templated":true}]}}