{"id":68,"date":"2020-03-13T10:27:32","date_gmt":"2020-03-13T10:27:32","guid":{"rendered":"https:\/\/demo.creativethemes.com\/blocksy\/modern-shop\/?post_type=product&#038;p=68"},"modified":"2025-09-08T13:52:19","modified_gmt":"2025-09-08T13:52:19","slug":"eleifend-donec-pretium-vulputate-sapien-sagittis","status":"publish","type":"product","link":"https:\/\/www.sofalca.pt\/pt\/insulation\/sloping-roof\/eleifend-donec-pretium-vulputate-sapien-sagittis\/","title":{"rendered":"Isolamento de coberturas inclinadas"},"content":{"rendered":"","protected":false},"excerpt":{"rendered":"<div dir=\"auto\">O aglomerado negro de corti\u00e7a expandida, devido \u00e0s suas propriedades \u00e9 o isolante adequado para este sistema, uma vez que corrige, se n\u00e3o a totalidade, a maioria dessas amplitudes t\u00e9rmicas.<\/div>\n<div dir=\"auto\">A utiliza\u00e7\u00e3o do aglomerado negro de corti\u00e7a expandida \u00e9 ideal, quer pela sua longa durabilidade, quer pelo facto de constituir uma solu\u00e7\u00e3o econ\u00f3mica que satisfaz todos os requisitos necess\u00e1rios<\/div>","protected":false},"featured_media":1067,"template":"","meta":[],"product_cat":[97],"product_tag":[],"_links":{"self":[{"href":"https:\/\/www.sofalca.pt\/pt\/wp-json\/wp\/v2\/product\/68"}],"collection":[{"href":"https:\/\/www.sofalca.pt\/pt\/wp-json\/wp\/v2\/product"}],"about":[{"href":"https:\/\/www.sofalca.pt\/pt\/wp-json\/wp\/v2\/types\/product"}],"wp:featuredmedia":[{"embeddable":true,"href":"https:\/\/www.sofalca.pt\/pt\/wp-json\/wp\/v2\/media\/1067"}],"wp:attachment":[{"href":"https:\/\/www.sofalca.pt\/pt\/wp-json\/wp\/v2\/media?parent=68"}],"wp:term":[{"taxonomy":"product_cat","embeddable":true,"href":"https:\/\/www.sofalca.pt\/pt\/wp-json\/wp\/v2\/product_cat?post=68"},{"taxonomy":"product_tag","embeddable":true,"href":"https:\/\/www.sofalca.pt\/pt\/wp-json\/wp\/v2\/product_tag?post=68"}],"curies":[{"name":"wp","href":"https:\/\/api.w.org\/{rel}","templated":true}]}}