{"id":66,"date":"2020-03-13T10:24:27","date_gmt":"2020-03-13T10:24:27","guid":{"rendered":"https:\/\/demo.creativethemes.com\/blocksy\/modern-shop\/?post_type=product&#038;p=66"},"modified":"2025-09-08T13:52:18","modified_gmt":"2025-09-08T13:52:18","slug":"aturna-condimentum-mattis-pellentesque-nibh-tortor","status":"publish","type":"product","link":"https:\/\/www.sofalca.pt\/pt\/insulation\/sloping-roof\/aturna-condimentum-mattis-pellentesque-nibh-tortor\/","title":{"rendered":"Isolamento de coberturas inclinadas na laje de bet\u00e3o"},"content":{"rendered":"","protected":false},"excerpt":{"rendered":"<div dir=\"auto\">O aglomerado negro de corti\u00e7a expandida, devido \u00e0s suas propriedades \u00e9 o isolante adequado para este sistema, uma vez que corrige, se n\u00e3o a totalidade, a maioria dessas amplitudes t\u00e9rmicas.<\/div>\n<div dir=\"auto\">A utiliza\u00e7\u00e3o do aglomerado negro de corti\u00e7a expandida \u00e9 ideal, quer pela sua longa durabilidade, quer pelo facto de constituir uma solu\u00e7\u00e3o econ\u00f3mica que satisfaz todos os requisitos necess\u00e1rios<\/div>","protected":false},"featured_media":1068,"template":"","meta":[],"product_cat":[97],"product_tag":[],"_links":{"self":[{"href":"https:\/\/www.sofalca.pt\/pt\/wp-json\/wp\/v2\/product\/66"}],"collection":[{"href":"https:\/\/www.sofalca.pt\/pt\/wp-json\/wp\/v2\/product"}],"about":[{"href":"https:\/\/www.sofalca.pt\/pt\/wp-json\/wp\/v2\/types\/product"}],"wp:featuredmedia":[{"embeddable":true,"href":"https:\/\/www.sofalca.pt\/pt\/wp-json\/wp\/v2\/media\/1068"}],"wp:attachment":[{"href":"https:\/\/www.sofalca.pt\/pt\/wp-json\/wp\/v2\/media?parent=66"}],"wp:term":[{"taxonomy":"product_cat","embeddable":true,"href":"https:\/\/www.sofalca.pt\/pt\/wp-json\/wp\/v2\/product_cat?post=66"},{"taxonomy":"product_tag","embeddable":true,"href":"https:\/\/www.sofalca.pt\/pt\/wp-json\/wp\/v2\/product_tag?post=66"}],"curies":[{"name":"wp","href":"https:\/\/api.w.org\/{rel}","templated":true}]}}