{"id":57,"date":"2020-03-13T10:07:44","date_gmt":"2020-03-13T10:07:44","guid":{"rendered":"https:\/\/demo.creativethemes.com\/blocksy\/modern-shop\/?post_type=product&#038;p=57"},"modified":"2025-09-08T13:52:17","modified_gmt":"2025-09-08T13:52:17","slug":"fringilla-phasellus-faucus-scelerisque-eleifend-donec","status":"publish","type":"product","link":"https:\/\/www.sofalca.pt\/pt\/insulation\/flat-roof\/fringilla-phasellus-faucus-scelerisque-eleifend-donec\/","title":{"rendered":"Cobertura ajardinada"},"content":{"rendered":"","protected":false},"excerpt":{"rendered":"<div dir=\"auto\">Na cobertura tradicional o isolamento serve de suporte \u00e0 impermeabiliza\u00e7\u00e3o, existindo a necessidade de colocar uma barreira ao vapor sob o isolante, devido \u00e0 permeabilidade desta solu\u00e7\u00e3o ao vapor de \u00e1gua. A camada de protec\u00e7\u00e3o (leve ou pesada) depende da acessibilidade \u00e0 cobertura.<\/div>\n<div dir=\"auto\"><\/div>\n<div dir=\"auto\">Os aglomerados de corti\u00e7a expandida s\u00e3o praticamente inertes e totalmente compat\u00edveis com a generalidade dos materiais utilizados no dom\u00ednio da constru\u00e7\u00e3o civil, aceitando desta forma a aplica\u00e7\u00e3o do sistema impermeabilizante, evitando a realiza\u00e7\u00e3o de betonilhas.<\/div>","protected":false},"featured_media":1060,"template":"","meta":[],"product_cat":[98],"product_tag":[],"_links":{"self":[{"href":"https:\/\/www.sofalca.pt\/pt\/wp-json\/wp\/v2\/product\/57"}],"collection":[{"href":"https:\/\/www.sofalca.pt\/pt\/wp-json\/wp\/v2\/product"}],"about":[{"href":"https:\/\/www.sofalca.pt\/pt\/wp-json\/wp\/v2\/types\/product"}],"wp:featuredmedia":[{"embeddable":true,"href":"https:\/\/www.sofalca.pt\/pt\/wp-json\/wp\/v2\/media\/1060"}],"wp:attachment":[{"href":"https:\/\/www.sofalca.pt\/pt\/wp-json\/wp\/v2\/media?parent=57"}],"wp:term":[{"taxonomy":"product_cat","embeddable":true,"href":"https:\/\/www.sofalca.pt\/pt\/wp-json\/wp\/v2\/product_cat?post=57"},{"taxonomy":"product_tag","embeddable":true,"href":"https:\/\/www.sofalca.pt\/pt\/wp-json\/wp\/v2\/product_tag?post=57"}],"curies":[{"name":"wp","href":"https:\/\/api.w.org\/{rel}","templated":true}]}}