{"id":279,"date":"2020-03-18T15:35:09","date_gmt":"2020-03-18T15:35:09","guid":{"rendered":"https:\/\/demo.creativethemes.com\/blocksy\/modern-shop\/?post_type=product&#038;p=279"},"modified":"2022-03-29T10:02:41","modified_gmt":"2022-03-29T10:02:41","slug":"neque-laoreet-suspendisse-interdum-consectetur","status":"publish","type":"product","link":"https:\/\/www.sofalca.pt\/pt\/insulation\/acoustic\/neque-laoreet-suspendisse-interdum-consectetur\/","title":{"rendered":"Isolamento de ru\u00eddos a\u00e9reos"},"content":{"rendered":"","protected":false},"excerpt":{"rendered":"<p>O isolamento de ru\u00eddos a\u00e9reos, consite na redu\u00e7\u00e3o da transmiss\u00e3o de ru\u00eddos produzidos no exterior, ou em salas cont\u00edguas, que se propagam pela estrutura dos edif\u00edcios (paredes, pavimentos, coberturas, portas e janelas)<\/p>","protected":false},"featured_media":1062,"template":"","meta":[],"product_cat":[94],"product_tag":[],"_links":{"self":[{"href":"https:\/\/www.sofalca.pt\/pt\/wp-json\/wp\/v2\/product\/279"}],"collection":[{"href":"https:\/\/www.sofalca.pt\/pt\/wp-json\/wp\/v2\/product"}],"about":[{"href":"https:\/\/www.sofalca.pt\/pt\/wp-json\/wp\/v2\/types\/product"}],"wp:featuredmedia":[{"embeddable":true,"href":"https:\/\/www.sofalca.pt\/pt\/wp-json\/wp\/v2\/media\/1062"}],"wp:attachment":[{"href":"https:\/\/www.sofalca.pt\/pt\/wp-json\/wp\/v2\/media?parent=279"}],"wp:term":[{"taxonomy":"product_cat","embeddable":true,"href":"https:\/\/www.sofalca.pt\/pt\/wp-json\/wp\/v2\/product_cat?post=279"},{"taxonomy":"product_tag","embeddable":true,"href":"https:\/\/www.sofalca.pt\/pt\/wp-json\/wp\/v2\/product_tag?post=279"}],"curies":[{"name":"wp","href":"https:\/\/api.w.org\/{rel}","templated":true}]}}