{"id":168,"date":"2020-03-16T09:19:03","date_gmt":"2020-03-16T09:19:03","guid":{"rendered":"https:\/\/demo.creativethemes.com\/blocksy\/modern-shop\/?post_type=product&#038;p=168"},"modified":"2022-03-29T10:32:28","modified_gmt":"2022-03-29T10:32:28","slug":"ornare-arcu-odio-utsem-nullapharetra-diam","status":"publish","type":"product","link":"https:\/\/www.sofalca.pt\/pt\/insulation\/acoustic\/ornare-arcu-odio-utsem-nullapharetra-diam\/","title":{"rendered":"Isolamento de ru\u00eddos de percuss\u00e3o"},"content":{"rendered":"","protected":false},"excerpt":{"rendered":"<p>O isolamento de ru\u00eddos de percuss\u00e3o consiste na redu\u00e7\u00e3o do n\u00edvel sonoro de impactos nas lajes, transmitidos ao piso imediatamente inferior. Para uma redu\u00e7\u00e3o efectiva, \u00e9 necess\u00e1rio garantir uma total independ\u00eancia entre o pavimento e a estrutura do im\u00f3vel. A interposi\u00e7\u00e3o de uma elemento el\u00e1stico, o aglomerado de corti\u00e7a expandida, entre o piso e a laje, produz uma redu\u00e7\u00e3o na transmiss\u00e3o de vibra\u00e7\u00f5es e ru\u00eddos resultantes de impactos. Ser\u00e1 tamb\u00e9m importante manter-se a descontinuidade entre a betonilha e as paredes circundantes, eliminando-se, desta forma, transmiss\u00f5es marginais.<\/p>","protected":false},"featured_media":1063,"template":"","meta":[],"product_cat":[94],"product_tag":[],"_links":{"self":[{"href":"https:\/\/www.sofalca.pt\/pt\/wp-json\/wp\/v2\/product\/168"}],"collection":[{"href":"https:\/\/www.sofalca.pt\/pt\/wp-json\/wp\/v2\/product"}],"about":[{"href":"https:\/\/www.sofalca.pt\/pt\/wp-json\/wp\/v2\/types\/product"}],"wp:featuredmedia":[{"embeddable":true,"href":"https:\/\/www.sofalca.pt\/pt\/wp-json\/wp\/v2\/media\/1063"}],"wp:attachment":[{"href":"https:\/\/www.sofalca.pt\/pt\/wp-json\/wp\/v2\/media?parent=168"}],"wp:term":[{"taxonomy":"product_cat","embeddable":true,"href":"https:\/\/www.sofalca.pt\/pt\/wp-json\/wp\/v2\/product_cat?post=168"},{"taxonomy":"product_tag","embeddable":true,"href":"https:\/\/www.sofalca.pt\/pt\/wp-json\/wp\/v2\/product_tag?post=168"}],"curies":[{"name":"wp","href":"https:\/\/api.w.org\/{rel}","templated":true}]}}