{"id":166,"date":"2020-03-16T09:14:43","date_gmt":"2020-03-16T09:14:43","guid":{"rendered":"https:\/\/demo.creativethemes.com\/blocksy\/modern-shop\/?post_type=product&#038;p=166"},"modified":"2022-03-29T10:33:05","modified_gmt":"2022-03-29T10:33:05","slug":"scelerisque-mauris-pellentesque-pulvinar","status":"publish","type":"product","link":"https:\/\/www.sofalca.pt\/pt\/insulation\/antivibrating\/scelerisque-mauris-pellentesque-pulvinar\/","title":{"rendered":"Isolamento antivibr\u00e1tico"},"content":{"rendered":"","protected":false},"excerpt":{"rendered":"<p>Dada a sua elasticidade, o aglomerado negro de corti\u00e7a expandida, possui not\u00e1veis qualidades anti-s\u00edsmicas, revelando-se um isolante antibr\u00e1tico por excel\u00eancia. \nNa sua aplica\u00e7\u00e3o \u00e9 necess\u00e1rio ter em conta os elementos apresentados relativos \u00e0 massa vol\u00famica e espessura do aglomerado de corti\u00e7a expandida, em fun\u00e7\u00e3o das cargas atenuantes.<\/p>","protected":false},"featured_media":1052,"template":"","meta":[],"product_cat":[95],"product_tag":[],"_links":{"self":[{"href":"https:\/\/www.sofalca.pt\/pt\/wp-json\/wp\/v2\/product\/166"}],"collection":[{"href":"https:\/\/www.sofalca.pt\/pt\/wp-json\/wp\/v2\/product"}],"about":[{"href":"https:\/\/www.sofalca.pt\/pt\/wp-json\/wp\/v2\/types\/product"}],"wp:featuredmedia":[{"embeddable":true,"href":"https:\/\/www.sofalca.pt\/pt\/wp-json\/wp\/v2\/media\/1052"}],"wp:attachment":[{"href":"https:\/\/www.sofalca.pt\/pt\/wp-json\/wp\/v2\/media?parent=166"}],"wp:term":[{"taxonomy":"product_cat","embeddable":true,"href":"https:\/\/www.sofalca.pt\/pt\/wp-json\/wp\/v2\/product_cat?post=166"},{"taxonomy":"product_tag","embeddable":true,"href":"https:\/\/www.sofalca.pt\/pt\/wp-json\/wp\/v2\/product_tag?post=166"}],"curies":[{"name":"wp","href":"https:\/\/api.w.org\/{rel}","templated":true}]}}