{"id":164,"date":"2020-03-16T09:11:32","date_gmt":"2020-03-16T09:11:32","guid":{"rendered":"https:\/\/demo.creativethemes.com\/blocksy\/modern-shop\/?post_type=product&#038;p=164"},"modified":"2022-03-29T10:33:24","modified_gmt":"2022-03-29T10:33:24","slug":"rhoncus-aenean-velelit-scelerisque-mauris","status":"publish","type":"product","link":"https:\/\/www.sofalca.pt\/pt\/insulation\/antivibrating\/rhoncus-aenean-velelit-scelerisque-mauris\/","title":{"rendered":"Descontinuidade estrutural de paredes"},"content":{"rendered":"","protected":false},"excerpt":{"rendered":"<p>De forma a conseguir-se a maior elimina\u00e7\u00e3o poss\u00edvel de resson\u00e2ncia (vibra\u00e7\u00e3o de um corpo r\u00edgido quando atingido por uma onda sonora de frequ\u00eancia pr\u00f3pria, pr\u00f3xima da sua) deve procurar-se em primeiro lugar a execu\u00e7\u00e3o das estruturas de peso mais elevado poss\u00edvel, que mais dificilmente entrar\u00e3o em vibra\u00e7\u00e3o, utilizando-se simultaneamente descontinuidades estruturais que poder\u00e3o ser realizadas pela interposi\u00e7\u00e3o de tiras de aglomerado negro de corti\u00e7a expandida<\/p>","protected":false},"featured_media":1049,"template":"","meta":[],"product_cat":[95],"product_tag":[],"_links":{"self":[{"href":"https:\/\/www.sofalca.pt\/pt\/wp-json\/wp\/v2\/product\/164"}],"collection":[{"href":"https:\/\/www.sofalca.pt\/pt\/wp-json\/wp\/v2\/product"}],"about":[{"href":"https:\/\/www.sofalca.pt\/pt\/wp-json\/wp\/v2\/types\/product"}],"wp:featuredmedia":[{"embeddable":true,"href":"https:\/\/www.sofalca.pt\/pt\/wp-json\/wp\/v2\/media\/1049"}],"wp:attachment":[{"href":"https:\/\/www.sofalca.pt\/pt\/wp-json\/wp\/v2\/media?parent=164"}],"wp:term":[{"taxonomy":"product_cat","embeddable":true,"href":"https:\/\/www.sofalca.pt\/pt\/wp-json\/wp\/v2\/product_cat?post=164"},{"taxonomy":"product_tag","embeddable":true,"href":"https:\/\/www.sofalca.pt\/pt\/wp-json\/wp\/v2\/product_tag?post=164"}],"curies":[{"name":"wp","href":"https:\/\/api.w.org\/{rel}","templated":true}]}}