{"id":162,"date":"2020-03-16T09:08:51","date_gmt":"2020-03-16T09:08:51","guid":{"rendered":"https:\/\/demo.creativethemes.com\/blocksy\/modern-shop\/?post_type=product&#038;p=162"},"modified":"2025-09-08T13:52:21","modified_gmt":"2025-09-08T13:52:21","slug":"donec-ultrices-tincidunt-arcu-non-sodales","status":"publish","type":"product","link":"https:\/\/www.sofalca.pt\/pt\/insulation\/antivibrating\/donec-ultrices-tincidunt-arcu-non-sodales\/","title":{"rendered":"Junta de dilata\u00e7\u00e3o cont\u00ednua"},"content":{"rendered":"","protected":false},"excerpt":{"rendered":"<p>O aglomerado negro de corti\u00e7a expandida, do tipo t\u00e9rmico, constitui o material indicado para as juntas de dilata\u00e7\u00e3o, visto que dada a sua elasticidade pode acompanhar perfeitamente as dilata\u00e7\u00f5es e contra\u00e7\u00f5es dos elementos estruturais, permitindo ser aplicado na constru\u00e7\u00e3o sem o perigo de se verificarem assentamentos, pois as cargas normais s\u00e3o da ordem de 300Kg\/m2<\/p>","protected":false},"featured_media":1053,"template":"","meta":[],"product_cat":[95],"product_tag":[],"_links":{"self":[{"href":"https:\/\/www.sofalca.pt\/pt\/wp-json\/wp\/v2\/product\/162"}],"collection":[{"href":"https:\/\/www.sofalca.pt\/pt\/wp-json\/wp\/v2\/product"}],"about":[{"href":"https:\/\/www.sofalca.pt\/pt\/wp-json\/wp\/v2\/types\/product"}],"wp:featuredmedia":[{"embeddable":true,"href":"https:\/\/www.sofalca.pt\/pt\/wp-json\/wp\/v2\/media\/1053"}],"wp:attachment":[{"href":"https:\/\/www.sofalca.pt\/pt\/wp-json\/wp\/v2\/media?parent=162"}],"wp:term":[{"taxonomy":"product_cat","embeddable":true,"href":"https:\/\/www.sofalca.pt\/pt\/wp-json\/wp\/v2\/product_cat?post=162"},{"taxonomy":"product_tag","embeddable":true,"href":"https:\/\/www.sofalca.pt\/pt\/wp-json\/wp\/v2\/product_tag?post=162"}],"curies":[{"name":"wp","href":"https:\/\/api.w.org\/{rel}","templated":true}]}}