{"id":159,"date":"2020-03-16T09:03:45","date_gmt":"2020-03-16T09:03:45","guid":{"rendered":"https:\/\/demo.creativethemes.com\/blocksy\/modern-shop\/?post_type=product&#038;p=159"},"modified":"2025-09-08T13:52:24","modified_gmt":"2025-09-08T13:52:24","slug":"vestibulum-sedarcu-nonodio-euismod","status":"publish","type":"product","link":"https:\/\/www.sofalca.pt\/pt\/insulation\/antivibrating\/vestibulum-sedarcu-nonodio-euismod\/","title":{"rendered":"Junta de dilata\u00e7\u00e3o descont\u00ednua"},"content":{"rendered":"","protected":false},"excerpt":{"rendered":"<p>O aglomerado negro de corti\u00e7a expandida, do tipo t\u00e9rmico, constitui o material indicado para as juntas de dilata\u00e7\u00e3o, visto que dada a sua elasticidade pode acompanhar perfeitamente as dilata\u00e7\u00f5es e contra\u00e7\u00f5es dos elementos estruturais, permitindo ser aplicado na constru\u00e7\u00e3o sem o perigo de se verificarem assentamentos, pois as cargas normais s\u00e3o da ordem de 300Kg\/m2<\/p>","protected":false},"featured_media":1055,"template":"","meta":[],"product_cat":[95],"product_tag":[],"_links":{"self":[{"href":"https:\/\/www.sofalca.pt\/pt\/wp-json\/wp\/v2\/product\/159"}],"collection":[{"href":"https:\/\/www.sofalca.pt\/pt\/wp-json\/wp\/v2\/product"}],"about":[{"href":"https:\/\/www.sofalca.pt\/pt\/wp-json\/wp\/v2\/types\/product"}],"wp:featuredmedia":[{"embeddable":true,"href":"https:\/\/www.sofalca.pt\/pt\/wp-json\/wp\/v2\/media\/1055"}],"wp:attachment":[{"href":"https:\/\/www.sofalca.pt\/pt\/wp-json\/wp\/v2\/media?parent=159"}],"wp:term":[{"taxonomy":"product_cat","embeddable":true,"href":"https:\/\/www.sofalca.pt\/pt\/wp-json\/wp\/v2\/product_cat?post=159"},{"taxonomy":"product_tag","embeddable":true,"href":"https:\/\/www.sofalca.pt\/pt\/wp-json\/wp\/v2\/product_tag?post=159"}],"curies":[{"name":"wp","href":"https:\/\/api.w.org\/{rel}","templated":true}]}}