{"id":155,"date":"2020-03-16T09:00:48","date_gmt":"2020-03-16T09:00:48","guid":{"rendered":"https:\/\/demo.creativethemes.com\/blocksy\/modern-shop\/?post_type=product&#038;p=155"},"modified":"2025-09-08T13:52:23","modified_gmt":"2025-09-08T13:52:23","slug":"libero-faucibus-nistincidunt","status":"publish","type":"product","link":"https:\/\/www.sofalca.pt\/pt\/insulation\/cold-stores\/libero-faucibus-nistincidunt\/","title":{"rendered":"C\u00e2maras de congela\u00e7\u00e3o"},"content":{"rendered":"","protected":false},"excerpt":{"rendered":"<div dir=\"auto\">O aglomerado negro de corti\u00e7a expandida, constitui o isolante ideal para c\u00e2maras frigor\u00edficas (conserva\u00e7\u00e3o, congela\u00e7\u00e3o e atmosferas controladas). O baixo coeficiente de condutibilidade t\u00e9rmica, oferecendo elevada resist\u00eancia t\u00e9rmica com baixas espessuras, peso espec\u00edfico adequado, associado a uma not\u00e1vel resist\u00eancia \u00e0 flex\u00e3o e \u00e0 compress\u00e3o, deforma\u00e7\u00e3o el\u00e1stica para press\u00f5es de 2000Kg\/m2, facilidade de aplica\u00e7\u00e3o, integra\u00e7\u00e3o perfeita nas estruturas e dura\u00e7\u00e3o ilimitada, comprovada por obras realizadas h\u00e1 mais de meio s\u00e9culo, constituem um conjunto de caracter\u00edsticas que nenhum outro material pode apresentar.<\/div>\n<div dir=\"auto\">blablabla<\/div>","protected":false},"featured_media":1059,"template":"","meta":[],"product_cat":[96],"product_tag":[],"_links":{"self":[{"href":"https:\/\/www.sofalca.pt\/pt\/wp-json\/wp\/v2\/product\/155"}],"collection":[{"href":"https:\/\/www.sofalca.pt\/pt\/wp-json\/wp\/v2\/product"}],"about":[{"href":"https:\/\/www.sofalca.pt\/pt\/wp-json\/wp\/v2\/types\/product"}],"wp:featuredmedia":[{"embeddable":true,"href":"https:\/\/www.sofalca.pt\/pt\/wp-json\/wp\/v2\/media\/1059"}],"wp:attachment":[{"href":"https:\/\/www.sofalca.pt\/pt\/wp-json\/wp\/v2\/media?parent=155"}],"wp:term":[{"taxonomy":"product_cat","embeddable":true,"href":"https:\/\/www.sofalca.pt\/pt\/wp-json\/wp\/v2\/product_cat?post=155"},{"taxonomy":"product_tag","embeddable":true,"href":"https:\/\/www.sofalca.pt\/pt\/wp-json\/wp\/v2\/product_tag?post=155"}],"curies":[{"name":"wp","href":"https:\/\/api.w.org\/{rel}","templated":true}]}}